{"id":988,"date":"2020-08-28T16:55:19","date_gmt":"2020-08-28T16:55:19","guid":{"rendered":"http:\/\/genesinetworks.com\/en\/?page_id=988"},"modified":"2020-08-28T16:55:19","modified_gmt":"2020-08-28T16:55:19","slug":"aviso-de-privacidad","status":"publish","type":"page","link":"https:\/\/genesinetworks.com\/en\/aviso-de-privacidad\/","title":{"rendered":"Aviso de Privacidad"},"content":{"rendered":"<p>[et_pb_section fb_built=&#8221;1&#8243; _builder_version=&#8221;4.5.6&#8243; _module_preset=&#8221;default&#8221;][et_pb_row _builder_version=&#8221;4.5.6&#8243; _module_preset=&#8221;default&#8221;][et_pb_column _builder_version=&#8221;4.5.6&#8243; _module_preset=&#8221;default&#8221; type=&#8221;4_4&#8243;][et_pb_text _builder_version=&#8221;4.5.6&#8243; _module_preset=&#8221;default&#8221; header_font=&#8221;FiraSan-Medium||||||||&#8221; header_text_align=&#8221;center&#8221; header_font_size=&#8221;40px&#8221; hover_enabled=&#8221;0&#8243;]<\/p>\n<h1>Aviso de Privacidad<\/h1>\n<p>[\/et_pb_text][\/et_pb_column][\/et_pb_row][et_pb_row _builder_version=&#8221;4.5.6&#8243; _module_preset=&#8221;default&#8221;][et_pb_column _builder_version=&#8221;4.5.6&#8243; _module_preset=&#8221;default&#8221; type=&#8221;4_4&#8243;][et_pb_text _builder_version=&#8221;4.5.6&#8243; _module_preset=&#8221;default&#8221; text_font=&#8221;FiraSan-Regular||||||||&#8221; text_font_size=&#8221;16px&#8221; hover_enabled=&#8221;0&#8243;]<\/p>\n<p class=\"p1\"><span class=\"s1\"><b>AVISO DE PRIVACIDAD: <\/b><\/span><\/p>\n<p class=\"p1\"><span class=\"s1\"><b>Genesi Networks Consulting S. de R.L. de C.V.<\/b> con domicilio en Av. Javier Barros Sierra #540 Park Plaza Torre II Piso 5. Col. Lomas de Santa Fe, \u00c1lvaro Obreg\u00f3n C.P. 01210, es responsable de recabar sus datos personales, del uso que se les d\u00e9 a los mismos y de su protecci\u00f3n.<\/span><\/p>\n<p class=\"p1\"><span class=\"s1\">Su informaci\u00f3n personal ser\u00e1 utilizada para proveer los servicios y\/o productos que ha solicitado, informarle sobre cambios en los mismos, evaluar la calidad del servicio, campa\u00f1as de Marketing, actualizaci\u00f3n de la base de datos y cualquier finalidad an\u00e1loga o compatible con las anteriores que le brindamos. Para las finalidades antes mencionadas, requerimos obtener los siguientes datos personales tales como:<\/span><\/p>\n<p class=\"p1\"><span class=\"s1\">1. Nombre de la empresa.<\/span><\/p>\n<p class=\"p1\"><span class=\"s1\">2. Nombre Completo.<\/span><\/p>\n<p class=\"p1\"><span class=\"s1\">3. Domicilio.<\/span><\/p>\n<p class=\"p1\"><span class=\"s1\">4. Registro Federal de Contribuyentes.<\/span><\/p>\n<p class=\"p1\"><span class=\"s1\">5. Tel\u00e9fonos de oficina y\/o m\u00f3viles.<\/span><\/p>\n<p class=\"p1\"><span class=\"s1\">6. Correo Electr\u00f3nico.<\/span><\/p>\n<p class=\"p1\"><span class=\"s1\">Considerado como sensible seg\u00fan la Ley Federal de Protecci\u00f3n de Datos Personales en Posesi\u00f3n de los Particulares:<\/span><\/p>\n<p class=\"p1\"><span class=\"s1\">En el caso de Datos sensibles, tales como:<\/span><\/p>\n<p class=\"p1\"><span class=\"s1\">1. Datos financieros.<\/span><\/p>\n<p class=\"p1\"><span class=\"s1\">2. Datos personales.<\/span><\/p>\n<p class=\"p1\"><span class=\"s1\">Nos comprometemos a que los mismos ser\u00e1n tratados bajo las m\u00e1s estrictas medidas de seguridad que garanticen su confidencialidad.<\/span><\/p>\n<p class=\"p1\"><span class=\"s1\">Usted tiene derecho de acceder, rectificar y cancelar sus datos personales, as\u00ed como de oponerse al tratamiento de los mismos o revocar el consentimiento que para tal fin nos haya otorgado, a trav\u00e9s de los procedimientos que hemos implementado. Para conocer dichos procedimientos, los requisitos y plazos, se puede poner en contacto con nuestro departamento de datos personales en\u00a0privacidad@genesi.com.mx.<\/span><\/p>\n<p class=\"p1\"><span class=\"s1\">A trav\u00e9s de estos canales usted podr\u00e1 actualizar sus datos y especificar el medio por el cual desea recibir informaci\u00f3n, ya que en caso de no contar con esta especificaci\u00f3n de su parte <b>Genesi Networks Consulting S. de R.L. de C.V. <\/b>establecer\u00e1 libremente el canal que considere pertinente para enviarle informaci\u00f3n. Este aviso de privacidad podr\u00e1 ser modificado por <b>Genesi Networks Consulting S. de R.L. de C.V.<\/b> Dichas modificaciones ser\u00e1n oportunamente informadas a trav\u00e9s de correo electr\u00f3nico, tel\u00e9fono, o cualquier otro medio de comunicaci\u00f3n que <b>Genesi Networks Consulting S. de R.L. de C.V.<\/b> determine para tal efecto.<\/span><\/p>\n<p>[\/et_pb_text][\/et_pb_column][\/et_pb_row][\/et_pb_section]<\/p>\n","protected":false},"excerpt":{"rendered":"<p>Aviso de Privacidad AVISO DE PRIVACIDAD: Genesi Networks Consulting S. de R.L. de C.V. con domicilio en Av. Javier Barros Sierra #540 Park Plaza Torre II Piso 5. Col. Lomas de Santa Fe, \u00c1lvaro Obreg\u00f3n C.P. 01210, es responsable de recabar sus datos personales, del uso que se les d\u00e9 a los mismos y de [&hellip;]<\/p>\n","protected":false},"author":1,"featured_media":0,"parent":0,"menu_order":0,"comment_status":"closed","ping_status":"closed","template":"","meta":{"_et_pb_use_builder":"on","_et_pb_old_content":"","_et_gb_content_width":"","_joinchat":[],"footnotes":""},"class_list":["post-988","page","type-page","status-publish","hentry"],"_links":{"self":[{"href":"https:\/\/genesinetworks.com\/en\/wp-json\/wp\/v2\/pages\/988","targetHints":{"allow":["GET"]}}],"collection":[{"href":"https:\/\/genesinetworks.com\/en\/wp-json\/wp\/v2\/pages"}],"about":[{"href":"https:\/\/genesinetworks.com\/en\/wp-json\/wp\/v2\/types\/page"}],"author":[{"embeddable":true,"href":"https:\/\/genesinetworks.com\/en\/wp-json\/wp\/v2\/users\/1"}],"replies":[{"embeddable":true,"href":"https:\/\/genesinetworks.com\/en\/wp-json\/wp\/v2\/comments?post=988"}],"version-history":[{"count":2,"href":"https:\/\/genesinetworks.com\/en\/wp-json\/wp\/v2\/pages\/988\/revisions"}],"predecessor-version":[{"id":990,"href":"https:\/\/genesinetworks.com\/en\/wp-json\/wp\/v2\/pages\/988\/revisions\/990"}],"wp:attachment":[{"href":"https:\/\/genesinetworks.com\/en\/wp-json\/wp\/v2\/media?parent=988"}],"curies":[{"name":"wp","href":"https:\/\/api.w.org\/{rel}","templated":true}]}}