{"id":365,"date":"2020-06-24T21:26:51","date_gmt":"2020-06-24T21:26:51","guid":{"rendered":"http:\/\/genesinetworks.com\/co\/?page_id=365"},"modified":"2021-02-25T18:09:03","modified_gmt":"2021-02-25T18:09:03","slug":"services","status":"publish","type":"page","link":"https:\/\/genesinetworks.com\/co\/services\/","title":{"rendered":"Services"},"content":{"rendered":"<p>[et_pb_section fb_built=\u00bb1&#8243; _builder_version=\u00bb4.7.4&#8243; background_color=\u00bb#99d9e1&#8243; background_image=\u00bbhttp:\/\/genesinetworks.com\/co\/wp-content\/uploads\/2020\/07\/banner-02-scaled.jpg\u00bb background_position=\u00bbtop_center\u00bb max_width=\u00bb1080px\u00bb module_alignment=\u00bbcenter\u00bb custom_padding=\u00bb250px||250px||true|false\u00bb][et_pb_row column_structure=\u00bb2_3,1_3&#8243; _builder_version=\u00bb4.4.8&#8243; custom_padding=\u00bb||||true|false\u00bb][et_pb_column type=\u00bb2_3&#8243; _builder_version=\u00bb4.4.8&#8243;][et_pb_text _builder_version=\u00bb4.5.6&#8243; text_font=\u00bbFiraSan-Regular||||||||\u00bb text_font_size=\u00bb26px\u00bb text_line_height=\u00bb1.2em\u00bb header_font=\u00bbFiraSan-Medium||||||||\u00bb header_font_size=\u00bb45px\u00bb header_2_font=\u00bbMiso-regular||||||||\u00bb header_2_text_color=\u00bb#99d9e1&#8243; header_2_font_size=\u00bb65px\u00bb background_layout=\u00bbdark\u00bb header_font_size_tablet=\u00bb35px\u00bb header_font_size_phone=\u00bb\u00bb header_font_size_last_edited=\u00bbon|tablet\u00bb header_2_font_size_tablet=\u00bb45px\u00bb header_2_font_size_phone=\u00bb40px\u00bb header_2_font_size_last_edited=\u00bbon|phone\u00bb]<\/p>\n<h1>Genesi Services_<\/h1>\n<p>Entendemos la integraci\u00f3n total de las soluciones tecnol\u00f3gicas en esquemas de servicios de valor agregado: innovaci\u00f3n, costo, escalibilidad y disponibilidad.<\/p>\n<p>[\/et_pb_text][\/et_pb_column][et_pb_column type=\u00bb1_3&#8243; _builder_version=\u00bb4.4.8&#8243;][\/et_pb_column][\/et_pb_row][\/et_pb_section][et_pb_section fb_built=\u00bb1&#8243; _builder_version=\u00bb4.7.4&#8243; max_width=\u00bb1080px\u00bb module_alignment=\u00bbcenter\u00bb custom_padding=\u00bb0px||0px||true|false\u00bb][et_pb_row column_structure=\u00bb1_6,1_6,1_6,1_6,1_6,1_6&#8243; use_custom_gutter=\u00bbon\u00bb gutter_width=\u00bb1&#8243; _builder_version=\u00bb4.7.4&#8243; width=\u00bb100%\u00bb max_width=\u00bb100%\u00bb custom_padding=\u00bb0px||0px||true|false\u00bb locked=\u00bboff\u00bb][et_pb_column type=\u00bb1_6&#8243; _builder_version=\u00bb4.5.1&#8243; background_color=\u00bb#5a1278&#8243;][et_pb_text _builder_version=\u00bb4.7.4&#8243; header_2_font=\u00bbFiraSan-Medium||||||||\u00bb header_2_text_color=\u00bb#ffffff\u00bb header_2_font_size=\u00bb22px\u00bb custom_padding=\u00bb100px|20px|50px|20px|false|true\u00bb custom_padding_tablet=\u00bb|50px||50px|false|true\u00bb custom_padding_phone=\u00bb\u00bb custom_padding_last_edited=\u00bbon|tablet\u00bb link_option_url=\u00bbhttp:\/\/genesinetworks.com\/co\/genesi-business\/\u00bb]<\/p>\n<h2>Genesi\u00a0<\/h2>\n<h2>Business<\/h2>\n<p>[\/et_pb_text][\/et_pb_column][et_pb_column type=\u00bb1_6&#8243; _builder_version=\u00bb4.4.8&#8243; background_color=\u00bb#00bcdb\u00bb][et_pb_text _builder_version=\u00bb4.7.4&#8243; header_2_font=\u00bbFiraSan-Medium||||||||\u00bb header_2_text_color=\u00bb#ffffff\u00bb header_2_font_size=\u00bb22px\u00bb custom_padding=\u00bb100px|20px|50px|20px|false|true\u00bb link_option_url=\u00bbhttp:\/\/genesinetworks.com\/co\/cybersecurity\/\u00bb]<\/p>\n<h2>Genesi<\/h2>\n<h2>Cybersecurity<\/h2>\n<p>[\/et_pb_text][\/et_pb_column][et_pb_column type=\u00bb1_6&#8243; _builder_version=\u00bb4.7.4&#8243; background_color=\u00bb#fd7102&#8243;][et_pb_text _builder_version=\u00bb4.7.4&#8243; header_font_size=\u00bb28px\u00bb header_2_font=\u00bbFiraSan-Medium||||||||\u00bb header_2_text_color=\u00bb#ffffff\u00bb header_2_font_size=\u00bb22px\u00bb custom_padding=\u00bb100px|20px|50px|20px|false|true\u00bb link_option_url=\u00bbhttp:\/\/genesinetworks.com\/co\/infraestructure\/\u00bb]<\/p>\n<h2>Genesi<\/h2>\n<h2>Infrastructure<\/h2>\n<p>[\/et_pb_text][\/et_pb_column][et_pb_column type=\u00bb1_6&#8243; _builder_version=\u00bb4.7.4&#8243; background_color=\u00bb#99d9e1&#8243;][et_pb_text _builder_version=\u00bb4.7.4&#8243; header_2_font=\u00bbFiraSan-Medium||||||||\u00bb header_2_text_color=\u00bb#ffffff\u00bb header_2_font_size=\u00bb22px\u00bb custom_padding=\u00bb100px|20px|50px|20px|false|true\u00bb custom_padding_tablet=\u00bb|50px||50px|false|true\u00bb custom_padding_phone=\u00bb\u00bb custom_padding_last_edited=\u00bbon|tablet\u00bb link_option_url=\u00bbhttp:\/\/genesinetworks.com\/co\/services\/\u00bb]<\/p>\n<h2>Genesi<\/h2>\n<h2>Services<\/h2>\n<p>[\/et_pb_text][\/et_pb_column][et_pb_column type=\u00bb1_6&#8243; _builder_version=\u00bb4.7.4&#8243; background_color=\u00bb#ed156f\u00bb][et_pb_text _builder_version=\u00bb4.7.4&#8243; header_2_font=\u00bbFiraSan-Medium||||||||\u00bb header_2_text_color=\u00bb#ffffff\u00bb header_2_font_size=\u00bb22px\u00bb custom_padding=\u00bb100px|20px|38px|20px|false|true\u00bb custom_padding_tablet=\u00bb|50px||50px|false|true\u00bb custom_padding_phone=\u00bb\u00bb custom_padding_last_edited=\u00bbon|tablet\u00bb link_option_url=\u00bbhttp:\/\/genesinetworks.com\/co\/video-profesional\/\u00bb]<\/p>\n<h2>Genesi Professional Audio \/ Video<\/h2>\n<p>[\/et_pb_text][\/et_pb_column][et_pb_column type=\u00bb1_6&#8243; _builder_version=\u00bb4.7.4&#8243; background_color=\u00bb#00aaab\u00bb][et_pb_text _builder_version=\u00bb4.7.4&#8243; header_2_font=\u00bbFiraSan-Medium||||||||\u00bb header_2_text_color=\u00bb#ffffff\u00bb header_2_font_size=\u00bb22px\u00bb custom_padding=\u00bb100px|20px|50px|20px|false|true\u00bb custom_padding_tablet=\u00bb|50px||50px|false|true\u00bb custom_padding_phone=\u00bb\u00bb custom_padding_last_edited=\u00bbon|tablet\u00bb link_option_url=\u00bbhttp:\/\/genesinetworks.com\/co\/genesi-consulting\/\u00bb]<\/p>\n<h2>Genesi<\/h2>\n<h2>Consulting<\/h2>\n<p>[\/et_pb_text][\/et_pb_column][\/et_pb_row][\/et_pb_section][et_pb_section fb_built=\u00bb1&#8243; _builder_version=\u00bb4.7.4&#8243; max_width=\u00bb1080px\u00bb module_alignment=\u00bbcenter\u00bb][et_pb_row column_structure=\u00bb2_3,1_3&#8243; use_custom_gutter=\u00bbon\u00bb gutter_width=\u00bb1&#8243; _builder_version=\u00bb4.5.1&#8243; width=\u00bb100%\u00bb max_width=\u00bb100%\u00bb custom_padding=\u00bb0px||0px||true|false\u00bb module_alignment_tablet=\u00bbcenter\u00bb module_alignment_phone=\u00bbcenter\u00bb module_alignment_last_edited=\u00bbon|desktop\u00bb][et_pb_column type=\u00bb2_3&#8243; _builder_version=\u00bb4.4.8&#8243;][et_pb_text _builder_version=\u00bb4.5.1&#8243; header_font=\u00bbFiraSan-Medium||||||||\u00bb header_text_align=\u00bbright\u00bb header_text_color=\u00bb#ffffff\u00bb background_color=\u00bb#99d9e1&#8243; custom_margin=\u00bb||||false|false\u00bb custom_padding=\u00bb20px|80px|10px|20px|false|false\u00bb custom_padding_tablet=\u00bb|20px|20px||false|false\u00bb custom_padding_phone=\u00bb20px|||20px|false|false\u00bb custom_padding_last_edited=\u00bbon|phone\u00bb header_text_align_tablet=\u00bbcenter\u00bb header_text_align_phone=\u00bbcenter\u00bb header_text_align_last_edited=\u00bbon|phone\u00bb]<\/p>\n<h1>Mantenimiento y Soporte<\/h1>\n<p>[\/et_pb_text][et_pb_text _builder_version=\u00bb4.5.1&#8243; text_font=\u00bbFiraSan-Regular||||||||\u00bb text_font_size=\u00bb18px\u00bb header_4_font=\u00bbMiso-regular||||||||\u00bb header_4_text_color=\u00bb#00bcdb\u00bb header_4_font_size=\u00bb22px\u00bb header_4_letter_spacing=\u00bb3px\u00bb custom_margin=\u00bb50px||||false|false\u00bb custom_padding=\u00bb20px|80px|20px|80px|true|false\u00bb custom_padding_tablet=\u00bb|20px||20px|false|false\u00bb custom_padding_phone=\u00bb\u00bb custom_padding_last_edited=\u00bbon|desktop\u00bb]Comenzamos con el levantamiento inicial que consiste en el estudio de configuraciones generales y verificaci\u00f3n de las condiciones en que se encuentra la infraestructura existente (equipos y procesos) dependiendo del objetivo de negocio.<\/p>\n<p>Posteriormente dise\u00f1amos un contrato que puede incluir el acceso a nuestras herramientas en l\u00ednea para la recepci\u00f3n y administraci\u00f3n de problemas e incidentes, se categorizan, priorizan y se asignan tiempos de respuesta previamente estipulados, hasta el cierre.<\/p>\n<p>Conforme a los niveles de servicio y requerimientos de nuestros clientes, desarrollamos opciones de servicio y soporte que incluyen: asistencia remota,  soporte t\u00e9cnico en sitio o la integraci\u00f3n de implantes de ingenieros calificados.[\/et_pb_text][\/et_pb_column][et_pb_column type=\u00bb1_3&#8243; _builder_version=\u00bb4.4.8&#8243;][et_pb_image src=\u00bbhttp:\/\/genesinetworks.com\/co\/wp-content\/uploads\/2020\/07\/servicios1-03.jpg\u00bb title_text=\u00bbservicios1-03&#8243; _builder_version=\u00bb4.5.1&#8243; _module_preset=\u00bbdefault\u00bb][\/et_pb_image][et_pb_image src=\u00bbhttp:\/\/genesinetworks.com\/co\/wp-content\/uploads\/2020\/06\/services-02.png\u00bb title_text=\u00bbservices-02&#8243; align=\u00bbcenter\u00bb _builder_version=\u00bb4.5.1&#8243; width=\u00bb30%\u00bb width_tablet=\u00bb70%\u00bb width_phone=\u00bb50%\u00bb width_last_edited=\u00bbon|phone\u00bb module_alignment=\u00bbcenter\u00bb custom_margin=\u00bb50px||||false|false\u00bb custom_margin_tablet=\u00bb0px||||false|false\u00bb custom_margin_phone=\u00bb\u00bb custom_margin_last_edited=\u00bbon|desktop\u00bb][\/et_pb_image][\/et_pb_column][\/et_pb_row][\/et_pb_section][et_pb_section fb_built=\u00bb1&#8243; _builder_version=\u00bb4.7.4&#8243; max_width=\u00bb1080px\u00bb module_alignment=\u00bbcenter\u00bb custom_padding=\u00bb0px||0px||true|false\u00bb][et_pb_row column_structure=\u00bb1_4,1_2,1_4&#8243; _builder_version=\u00bb4.4.8&#8243;][et_pb_column type=\u00bb1_4&#8243; _builder_version=\u00bb4.4.8&#8243;][\/et_pb_column][et_pb_column type=\u00bb1_2&#8243; _builder_version=\u00bb4.4.8&#8243;][et_pb_text _builder_version=\u00bb4.4.8&#8243; header_2_font=\u00bbFiraSan-Medium||||||||\u00bb header_2_text_align=\u00bbcenter\u00bb header_2_text_color=\u00bb#99d9e1&#8243; header_2_font_size=\u00bb32px\u00bb header_2_font_size_tablet=\u00bb28px\u00bb header_2_font_size_phone=\u00bb23px\u00bb header_2_font_size_last_edited=\u00bbon|desktop\u00bb border_width_bottom=\u00bb8px\u00bb border_color_bottom=\u00bb#5a1278&#8243;]<\/p>\n<h2>Servicios Administrados <\/h2>\n<p>[\/et_pb_text][\/et_pb_column][et_pb_column type=\u00bb1_4&#8243; _builder_version=\u00bb4.4.8&#8243;][\/et_pb_column][\/et_pb_row][et_pb_row column_structure=\u00bb1_4,3_4&#8243; _builder_version=\u00bb4.4.8&#8243;][et_pb_column type=\u00bb1_4&#8243; _builder_version=\u00bb4.4.8&#8243;][et_pb_image src=\u00bbhttp:\/\/genesinetworks.com\/co\/wp-content\/uploads\/2020\/06\/services-07.jpg\u00bb title_text=\u00bbservices-07&#8243; align=\u00bbcenter\u00bb _builder_version=\u00bb4.5.0&#8243; width=\u00bb70%\u00bb module_alignment=\u00bbcenter\u00bb][\/et_pb_image][\/et_pb_column][et_pb_column type=\u00bb3_4&#8243; _builder_version=\u00bb4.4.8&#8243;][et_pb_text _builder_version=\u00bb4.5.3&#8243; text_font=\u00bbFiraSan-Regular||||||||\u00bb text_font_size=\u00bb18px\u00bb header_3_font=\u00bbMiso-regular|700|||||||\u00bb header_3_text_color=\u00bb#5a1278&#8243; header_3_font_size=\u00bb28px\u00bb custom_margin=\u00bb50px||||false|false\u00bb]<\/p>\n<p><span class=\"s1\"><\/span><span class=\"s2\">Gesti\u00f3n de riesgos y seguridad inform\u00e1tica<\/span><\/p>\n<p>[\/et_pb_text][\/et_pb_column][\/et_pb_row][et_pb_row column_structure=\u00bb1_4,3_4&#8243; _builder_version=\u00bb4.4.8&#8243;][et_pb_column type=\u00bb1_4&#8243; _builder_version=\u00bb4.4.8&#8243;][et_pb_image src=\u00bbhttp:\/\/genesinetworks.com\/co\/wp-content\/uploads\/2020\/06\/services-09.jpg\u00bb title_text=\u00bbservices-09&#8243; align=\u00bbcenter\u00bb _builder_version=\u00bb4.5.0&#8243; width=\u00bb70%\u00bb module_alignment=\u00bbcenter\u00bb][\/et_pb_image][\/et_pb_column][et_pb_column type=\u00bb3_4&#8243; _builder_version=\u00bb4.4.8&#8243;][et_pb_text _builder_version=\u00bb4.5.6&#8243; text_font=\u00bbFiraSan-Regular||||||||\u00bb text_font_size=\u00bb18px\u00bb header_3_font=\u00bbMiso-regular|700|||||||\u00bb header_3_text_color=\u00bb#5a1278&#8243; header_3_font_size=\u00bb28px\u00bb custom_margin=\u00bb50px|150px|||false|false\u00bb custom_margin_tablet=\u00bb|0px|||false|false\u00bb custom_margin_phone=\u00bb\u00bb custom_margin_last_edited=\u00bbon|tablet\u00bb]<\/p>\n<p><span class=\"s1\"><\/span><span class=\"s2\">Infraestructuras de servidores, conectividad, respaldos y almacenamiento de aplicativos<\/span><\/p>\n<p>[\/et_pb_text][\/et_pb_column][\/et_pb_row][et_pb_row column_structure=\u00bb1_4,3_4&#8243; _builder_version=\u00bb4.4.8&#8243;][et_pb_column type=\u00bb1_4&#8243; _builder_version=\u00bb4.4.8&#8243;][et_pb_image src=\u00bbhttp:\/\/genesinetworks.com\/co\/wp-content\/uploads\/2020\/06\/services-11.jpg\u00bb title_text=\u00bbservices-11&#8243; align=\u00bbcenter\u00bb _builder_version=\u00bb4.5.0&#8243; width=\u00bb70%\u00bb module_alignment=\u00bbcenter\u00bb][\/et_pb_image][\/et_pb_column][et_pb_column type=\u00bb3_4&#8243; _builder_version=\u00bb4.4.8&#8243;][et_pb_text _builder_version=\u00bb4.5.3&#8243; text_font=\u00bbFiraSan-Regular||||||||\u00bb text_font_size=\u00bb18px\u00bb header_3_font=\u00bbMiso-regular|700|||||||\u00bb header_3_text_color=\u00bb#5a1278&#8243; header_3_font_size=\u00bb28px\u00bb custom_margin=\u00bb50px|150px|||false|false\u00bb custom_margin_tablet=\u00bb|0px|||false|false\u00bb custom_margin_phone=\u00bb\u00bb custom_margin_last_edited=\u00bbon|desktop\u00bb]<\/p>\n<p><span class=\"s1\"><\/span><span class=\"s2\">Respaldos de energ\u00eda, redundancia en la conectividad y seguridad f\u00edsica<\/span><\/p>\n<p>[\/et_pb_text][\/et_pb_column][\/et_pb_row][\/et_pb_section][et_pb_section fb_built=\u00bb1&#8243; _builder_version=\u00bb4.7.4&#8243; background_image=\u00bbhttp:\/\/genesinetworks.com\/co\/wp-content\/uploads\/2020\/06\/services-03.jpg\u00bb max_width=\u00bb1080px\u00bb module_alignment=\u00bbcenter\u00bb custom_padding=\u00bb300px||300px||true|false\u00bb][\/et_pb_section][et_pb_section fb_built=\u00bb1&#8243; _builder_version=\u00bb4.7.4&#8243; max_width=\u00bb1080px\u00bb module_alignment=\u00bbcenter\u00bb custom_padding=\u00bb||0px||false|false\u00bb][et_pb_row column_structure=\u00bb2_5,3_5&#8243; _builder_version=\u00bb4.5.1&#8243; module_alignment=\u00bbright\u00bb custom_padding=\u00bb||0px||false|false\u00bb][et_pb_column type=\u00bb2_5&#8243; _builder_version=\u00bb4.4.8&#8243;][\/et_pb_column][et_pb_column type=\u00bb3_5&#8243; _builder_version=\u00bb4.4.8&#8243;][et_pb_text _builder_version=\u00bb4.5.1&#8243; text_font=\u00bbFiraSan-Regular||||||||\u00bb text_font_size=\u00bb18px\u00bb background_color=\u00bb#99d9e1&#8243; custom_margin=\u00bb-450px||||false|false\u00bb custom_margin_tablet=\u00bb0px||||false|false\u00bb custom_margin_phone=\u00bb\u00bb custom_margin_last_edited=\u00bbon|phone\u00bb custom_padding=\u00bb50px|50px|50px|50px|true|true\u00bb]Nuestro objetivo con estas alternativas tecnol\u00f3gicas es crear un impacto tangible en la disminuci\u00f3n de costos operativos de TI para nuestros clientes y cambiar un gasto de CAPEX a OPEX en donde las principales ventajas son: ahorros fiscales, eliminaci\u00f3n de la obsolescencia tecnol\u00f3gica en hardware, actualizaciones de versiones software y licenciamiento, as\u00ed como el robustecimiento de la seguridad f\u00edsica y l\u00f3gica de su infraestructura tecnol\u00f3gica.[\/et_pb_text][\/et_pb_column][\/et_pb_row][\/et_pb_section][et_pb_section fb_built=\u00bb1&#8243; _builder_version=\u00bb4.7.4&#8243; max_width=\u00bb1080px\u00bb module_alignment=\u00bbcenter\u00bb custom_padding=\u00bb0px||0px||true|false\u00bb][et_pb_row column_structure=\u00bb1_2,1_2&#8243; _builder_version=\u00bb4.5.1&#8243; width=\u00bb100%\u00bb max_width=\u00bb100%\u00bb][et_pb_column type=\u00bb1_2&#8243; _builder_version=\u00bb4.4.8&#8243;][et_pb_text _builder_version=\u00bb4.7.4&#8243; header_font=\u00bbFiraSan-Medium||||||||\u00bb header_text_align=\u00bbleft\u00bb header_text_color=\u00bb#ffffff\u00bb header_font_size=\u00bb40px\u00bb background_color=\u00bb#99d9e1&#8243; custom_margin=\u00bb||||false|false\u00bb custom_padding=\u00bb20px|20px|10px|20px|false|true\u00bb]<\/p>\n<h1>Consultor\u00eda<br \/> Especializada<\/h1>\n<p>[\/et_pb_text][et_pb_text _builder_version=\u00bb4.7.4&#8243; header_2_font=\u00bbMiso-regular||||||||\u00bb header_2_text_color=\u00bb#99d9e1&#8243;]<\/p>\n<h2><strong>Profesionales en las Mejores Pr\u00e1cticas<\/strong><\/h2>\n<p>[\/et_pb_text][et_pb_text _builder_version=\u00bb4.5.1&#8243; text_font=\u00bbFiraSan-Regular||||||||\u00bb text_font_size=\u00bb18px\u00bb]Llevando a cabo estrategias de gesti\u00f3n y dise\u00f1o de acuerdo a las especificaciones de nuestros clientes, nos hemos especializado en sectores Corporativo y Gobierno, donde se requiere un alto nivel de an\u00e1lisis e identificaci\u00f3n de necesidades, riesgos y control interno.[\/et_pb_text][\/et_pb_column][et_pb_column type=\u00bb1_2&#8243; _builder_version=\u00bb4.4.8&#8243;][et_pb_image src=\u00bbhttp:\/\/genesinetworks.com\/co\/wp-content\/uploads\/2020\/06\/services-04.jpg\u00bb title_text=\u00bbservices-04&#8243; _builder_version=\u00bb4.4.8&#8243;][\/et_pb_image][\/et_pb_column][\/et_pb_row][\/et_pb_section][et_pb_section fb_built=\u00bb1&#8243; disabled_on=\u00bbon|on|on\u00bb _builder_version=\u00bb4.7.4&#8243; background_color=\u00bb#f3f3f3&#8243; max_width=\u00bb1080px\u00bb module_alignment=\u00bbcenter\u00bb custom_padding=\u00bb||350px||false|false\u00bb disabled=\u00bbon\u00bb][et_pb_row column_structure=\u00bb1_5,3_5,1_5&#8243; _builder_version=\u00bb4.4.8&#8243;][et_pb_column type=\u00bb1_5&#8243; _builder_version=\u00bb4.4.8&#8243;][\/et_pb_column][et_pb_column type=\u00bb3_5&#8243; _builder_version=\u00bb4.4.8&#8243;][et_pb_text _builder_version=\u00bb4.5.1&#8243; header_font=\u00bbFiraSan-Medium||||||||\u00bb header_text_align=\u00bbcenter\u00bb header_text_color=\u00bb#99d9e1&#8243; header_font_size=\u00bb40px\u00bb]<\/p>\n<h1>XaaS:<\/h1>\n<p>[\/et_pb_text][\/et_pb_column][et_pb_column type=\u00bb1_5&#8243; _builder_version=\u00bb4.4.8&#8243;][\/et_pb_column][\/et_pb_row][\/et_pb_section][et_pb_section fb_built=\u00bb1&#8243; _builder_version=\u00bb4.7.4&#8243; max_width=\u00bb1080px\u00bb module_alignment=\u00bbcenter\u00bb][et_pb_row column_structure=\u00bb1_2,1_2&#8243; _builder_version=\u00bb4.4.8&#8243;][et_pb_column type=\u00bb1_2&#8243; _builder_version=\u00bb4.4.8&#8243;][et_pb_image src=\u00bbhttp:\/\/genesinetworks.com\/co\/wp-content\/uploads\/2020\/06\/services-05.jpg\u00bb title_text=\u00bbservices-05&#8243; _builder_version=\u00bb4.5.3&#8243; width=\u00bb80%\u00bb module_alignment=\u00bbcenter\u00bb custom_margin=\u00bb||||false|false\u00bb custom_margin_tablet=\u00bb0px||||false|false\u00bb custom_margin_phone=\u00bb\u00bb custom_margin_last_edited=\u00bbon|tablet\u00bb][\/et_pb_image][\/et_pb_column][et_pb_column type=\u00bb1_2&#8243; _builder_version=\u00bb4.4.8&#8243;][et_pb_text _builder_version=\u00bb4.5.1&#8243; header_font=\u00bbFiraSan-Medium||||||||\u00bb header_text_color=\u00bb#ffffff\u00bb background_color=\u00bb#99d9e1&#8243; custom_margin=\u00bb|100px|||false|false\u00bb custom_padding=\u00bb20px|20px|10px|20px|false|true\u00bb]<\/p>\n<h1>NOC \/ SOC<\/h1>\n<p>[\/et_pb_text][et_pb_text _builder_version=\u00bb4.7.7&#8243; text_font=\u00bbFiraSan-Regular||||||||\u00bb text_font_size=\u00bb18px\u00bb]<\/p>\n<p>En <strong><span style=\"color: #99d9e1;\">Genesi Networks Colombia<\/span><\/strong> hemos desarrollado una metodolog\u00eda que nos permite gestionar proyectos de gran complejidad, atendiendo procesos y acciones que contribuyen a la creaci\u00f3n de una cultura interna de seguridad inform\u00e1tica.<\/p>\n<p>Por medio de servicios de NOC propietarios, dise\u00f1ados a la medida e importancia de la infraestructura de nuestros clientes, los servicios de Centro de Operaciones de RED garantizan alta disponibilidad de hardware, sistemas operativos, aplicaciones de software y servicios administrados de comunicaciones.<\/p>\n<p>Nuestro servicio de SOC (Centro de operaciones de seguridad) es el m\u00e1s \u00e1gil y adaptable del mercado de TI. El objetivo es permitir la optimizar de los servicios asociados a los equipos de seguridad de las organizaciones.<\/p>\n<p>[\/et_pb_text][\/et_pb_column][\/et_pb_row][\/et_pb_section][et_pb_section fb_built=\u00bb1&#8243; _builder_version=\u00bb4.7.4&#8243; background_image=\u00bbhttp:\/\/genesinetworks.com\/co\/wp-content\/uploads\/2020\/06\/services-06.jpg\u00bb max_width=\u00bb1080px\u00bb module_alignment=\u00bbcenter\u00bb custom_padding=\u00bb150px||150px||true|false\u00bb][et_pb_row _builder_version=\u00bb4.4.8&#8243;][et_pb_column type=\u00bb4_4&#8243; _builder_version=\u00bb4.4.8&#8243;][et_pb_text _builder_version=\u00bb4.5.1&#8243; text_font=\u00bbFiraSan-Regular||||||||\u00bb text_font_size=\u00bb18px\u00bb header_2_font=\u00bbFiraSan-Medium||||||||\u00bb header_2_text_align=\u00bbright\u00bb header_2_text_color=\u00bb#ffffff\u00bb header_2_font_size=\u00bb36px\u00bb text_orientation=\u00bbright\u00bb]<\/p>\n<h2>Alcances:<\/h2>\n<p>Copias de seguridad<br \/> Conectividad<br \/> Uso\/rendimiento de procesadores, dispositivos, rendimiento de DD<br \/> Registros de ruteadores y firewalls, tr\u00e1fico de la red<br \/> VolP QOS, VPNS, sesiones de usuarios y autentificaciones<\/p>\n<p>[\/et_pb_text][\/et_pb_column][\/et_pb_row][\/et_pb_section][et_pb_section fb_built=\u00bb1&#8243; disabled_on=\u00bbon|on|on\u00bb _builder_version=\u00bb4.7.4&#8243; max_width=\u00bb1080px\u00bb module_alignment=\u00bbcenter\u00bb custom_padding=\u00bb||350px||false|false\u00bb disabled=\u00bbon\u00bb][et_pb_row column_structure=\u00bb1_5,3_5,1_5&#8243; _builder_version=\u00bb4.4.8&#8243;][et_pb_column type=\u00bb1_5&#8243; _builder_version=\u00bb4.4.8&#8243;][\/et_pb_column][et_pb_column type=\u00bb3_5&#8243; _builder_version=\u00bb4.4.8&#8243;][et_pb_text _builder_version=\u00bb4.4.8&#8243; header_font=\u00bbFiraSan-Medium||||||||\u00bb header_text_align=\u00bbcenter\u00bb header_text_color=\u00bb#99d9e1&#8243;]<\/p>\n<h1>Servicios Profesionales: Pendiente<\/h1>\n<p>[\/et_pb_text][\/et_pb_column][et_pb_column type=\u00bb1_5&#8243; _builder_version=\u00bb4.4.8&#8243;][\/et_pb_column][\/et_pb_row][\/et_pb_section][et_pb_section fb_built=\u00bb1&#8243; _builder_version=\u00bb4.7.7&#8243; background_color=\u00bb#000000&#8243; max_width=\u00bb1080px\u00bb module_alignment=\u00bbcenter\u00bb custom_padding=\u00bb0px||0px||true|false\u00bb locked=\u00bboff\u00bb global_module=\u00bb1838&#8243;][et_pb_row column_structure=\u00bb1_3,1_3,1_3&#8243; _builder_version=\u00bb4.7.7&#8243;][et_pb_column type=\u00bb1_3&#8243; _builder_version=\u00bb4.4.8&#8243;][et_pb_image src=\u00bbhttp:\/\/genesinetworks.com\/co\/wp-content\/uploads\/2020\/06\/Genesi_business-02.png\u00bb title_text=\u00bbGenesi_business-02&#8243; _builder_version=\u00bb4.4.8&#8243; width=\u00bb50%\u00bb][\/et_pb_image][et_pb_button button_url=\u00bbhttp:\/\/genesinetworks.com\/co\/aviso-de-privacidad\/\u00bb button_text=\u00bbAviso de privacidad\u00bb _builder_version=\u00bb4.7.4&#8243; _module_preset=\u00bbdefault\u00bb custom_button=\u00bbon\u00bb button_text_size=\u00bb18px\u00bb button_text_color=\u00bb#ffffff\u00bb button_border_width=\u00bb0px\u00bb button_font=\u00bbFiraSan-Medium||||||||\u00bb button_icon=\u00bb%%3%%\u00bb][\/et_pb_button][\/et_pb_column][et_pb_column type=\u00bb1_3&#8243; _builder_version=\u00bb4.4.8&#8243;][\/et_pb_column][et_pb_column type=\u00bb1_3&#8243; _builder_version=\u00bb4.4.8&#8243;][et_pb_social_media_follow _builder_version=\u00bb4.4.8&#8243;][et_pb_social_media_follow_network social_network=\u00bbfacebook\u00bb url=\u00bbhttps:\/\/www.facebook.com\/GenesiNetworksMx\/\u00bb _builder_version=\u00bb4.4.8&#8243; background_color=\u00bb#3b5998&#8243; follow_button=\u00bboff\u00bb url_new_window=\u00bbon\u00bb]facebook[\/et_pb_social_media_follow_network][et_pb_social_media_follow_network social_network=\u00bblinkedin\u00bb url=\u00bbhttps:\/\/www.linkedin.com\/company\/65387244\/admin\/\u00bb _builder_version=\u00bb4.4.8&#8243; background_color=\u00bb#007bb6&#8243; follow_button=\u00bboff\u00bb url_new_window=\u00bbon\u00bb]linkedin[\/et_pb_social_media_follow_network][\/et_pb_social_media_follow][et_pb_blurb image=\u00bbhttp:\/\/genesinetworks.com\/co\/wp-content\/uploads\/2020\/06\/genesi_img-29.png\u00bb icon_placement=\u00bbleft\u00bb _builder_version=\u00bb4.7.7&#8243; body_font=\u00bbFiraSan-Regular||||||||\u00bb body_text_color=\u00bb#ffffff\u00bb body_font_size=\u00bb16px\u00bb]<\/p>\n<p> +57 (1) 6594532 <\/p>\n<p>[\/et_pb_blurb][et_pb_blurb image=\u00bbhttp:\/\/genesinetworks.com\/co\/wp-content\/uploads\/2020\/06\/genesi_img-30.png\u00bb icon_placement=\u00bbleft\u00bb _builder_version=\u00bb4.6.1&#8243; body_font=\u00bbFiraSan-Regular||||||||\u00bb body_text_color=\u00bb#ffffff\u00bb body_font_size=\u00bb16px\u00bb]<span style=\"color: #ffffff;\"><a href=\"mailto:ventas@genesi.com.co\" style=\"color: #ffffff;\">ventas@genesi.com.co<\/a><\/span>[\/et_pb_blurb][\/et_pb_column][\/et_pb_row][\/et_pb_section]<\/p>\n","protected":false},"excerpt":{"rendered":"<p>Genesi Services_ Entendemos la integraci\u00f3n total de las soluciones tecnol\u00f3gicas en esquemas de servicios de valor agregado: innovaci\u00f3n, costo, escalibilidad y disponibilidad.Genesi\u00a0 BusinessGenesi CybersecurityGenesi InfrastructureGenesi ServicesGenesi Professional Audio \/ VideoGenesi ConsultingMantenimiento y SoporteComenzamos con el levantamiento inicial que consiste en el estudio de configuraciones generales y verificaci\u00f3n de las condiciones en que se encuentra la [&hellip;]<\/p>\n","protected":false},"author":1,"featured_media":0,"parent":0,"menu_order":0,"comment_status":"closed","ping_status":"closed","template":"","meta":{"_et_pb_use_builder":"on","_et_pb_old_content":"","_et_gb_content_width":"","footnotes":""},"class_list":["post-365","page","type-page","status-publish","hentry"],"_links":{"self":[{"href":"https:\/\/genesinetworks.com\/co\/wp-json\/wp\/v2\/pages\/365","targetHints":{"allow":["GET"]}}],"collection":[{"href":"https:\/\/genesinetworks.com\/co\/wp-json\/wp\/v2\/pages"}],"about":[{"href":"https:\/\/genesinetworks.com\/co\/wp-json\/wp\/v2\/types\/page"}],"author":[{"embeddable":true,"href":"https:\/\/genesinetworks.com\/co\/wp-json\/wp\/v2\/users\/1"}],"replies":[{"embeddable":true,"href":"https:\/\/genesinetworks.com\/co\/wp-json\/wp\/v2\/comments?post=365"}],"version-history":[{"count":40,"href":"https:\/\/genesinetworks.com\/co\/wp-json\/wp\/v2\/pages\/365\/revisions"}],"predecessor-version":[{"id":1863,"href":"https:\/\/genesinetworks.com\/co\/wp-json\/wp\/v2\/pages\/365\/revisions\/1863"}],"wp:attachment":[{"href":"https:\/\/genesinetworks.com\/co\/wp-json\/wp\/v2\/media?parent=365"}],"curies":[{"name":"wp","href":"https:\/\/api.w.org\/{rel}","templated":true}]}}