{"id":1319,"date":"2020-12-01T05:53:14","date_gmt":"2020-12-01T05:53:14","guid":{"rendered":"http:\/\/genesinetworks.com\/co\/?page_id=1319"},"modified":"2022-02-04T20:35:46","modified_gmt":"2022-02-04T20:35:46","slug":"equipo-de-trabajo","status":"publish","type":"page","link":"https:\/\/genesinetworks.com\/co\/equipo-de-trabajo\/","title":{"rendered":"Equipo de trabajo"},"content":{"rendered":"<p>[et_pb_section fb_built=\u00bb1&#8243; _builder_version=\u00bb4.7.7&#8243; use_background_color_gradient=\u00bbon\u00bb background_color_gradient_start=\u00bbrgba(0,102,128,0.7)\u00bb background_color_gradient_end=\u00bbrgba(0,102,128,0.7)\u00bb background_color_gradient_overlays_image=\u00bbon\u00bb background_image=\u00bbhttp:\/\/genesinetworks.com\/co\/wp-content\/uploads\/2020\/07\/GENESI_Networks_WereReady.png\u00bb background_position=\u00bbtop_center\u00bb background_blend=\u00bbmultiply\u00bb max_width=\u00bb1380px\u00bb module_alignment=\u00bbcenter\u00bb custom_padding=\u00bb250px||250px||true|false\u00bb hover_enabled=\u00bb0&#8243; title_text=\u00bbGENESI_Networks_We&#8217;reReady\u00bb sticky_enabled=\u00bb0&#8243;][et_pb_row column_structure=\u00bb1_2,1_2&#8243; _builder_version=\u00bb4.4.8&#8243; custom_padding=\u00bb0px||0px||true|false\u00bb][et_pb_column type=\u00bb1_2&#8243; _builder_version=\u00bb4.4.8&#8243;][et_pb_text _builder_version=\u00bb4.7.4&#8243; text_font=\u00bbFiraSan-Regular||||||||\u00bb text_text_color=\u00bb#ffffff\u00bb text_font_size=\u00bb28px\u00bb text_line_height=\u00bb1.2em\u00bb header_font=\u00bbFiraSan-Medium||||||||\u00bb header_text_color=\u00bb#00bcdb\u00bb header_font_size=\u00bb45px\u00bb header_font_size_tablet=\u00bb35px\u00bb header_font_size_phone=\u00bb\u00bb header_font_size_last_edited=\u00bbon|tablet\u00bb]<\/p>\n<h1>Equipo de Trabajo_<\/h1>\n<p>[\/et_pb_text][\/et_pb_column][et_pb_column type=\u00bb1_2&#8243; _builder_version=\u00bb4.4.8&#8243;][\/et_pb_column][\/et_pb_row][\/et_pb_section][et_pb_section fb_built=\u00bb1&#8243; _builder_version=\u00bb4.7.4&#8243; _module_preset=\u00bbdefault\u00bb custom_padding=\u00bb0px||0px||true|false\u00bb][et_pb_row _builder_version=\u00bb4.7.4&#8243; _module_preset=\u00bbdefault\u00bb][et_pb_column type=\u00bb4_4&#8243; _builder_version=\u00bb4.7.4&#8243; _module_preset=\u00bbdefault\u00bb][et_pb_text _builder_version=\u00bb4.7.4&#8243; _module_preset=\u00bbdefault\u00bb header_font=\u00bbFiraSan-Medium||||||||\u00bb header_text_align=\u00bbcenter\u00bb header_text_color=\u00bb#006680&#8243; header_font_size=\u00bb45px\u00bb background_enable_color=\u00bboff\u00bb custom_margin=\u00bb||||false|false\u00bb custom_padding=\u00bb20px||10px||false|false\u00bb header_font_size_tablet=\u00bb35px\u00bb header_font_size_phone=\u00bb\u00bb header_font_size_last_edited=\u00bbon|desktop\u00bb]<\/p>\n<h1>Conoce m\u00e1s de nosotros, estamos para servirte.<\/h1>\n<p>[\/et_pb_text][\/et_pb_column][\/et_pb_row][\/et_pb_section][et_pb_section fb_built=\u00bb1&#8243; _builder_version=\u00bb4.7.4&#8243; background_color=\u00bbrgba(215,215,213,0.2)\u00bb max_width=\u00bb1380px\u00bb module_alignment=\u00bbcenter\u00bb][et_pb_row column_structure=\u00bb1_3,1_3,1_3&#8243; use_custom_gutter=\u00bbon\u00bb gutter_width=\u00bb2&#8243; _builder_version=\u00bb4.7.4&#8243; _module_preset=\u00bbdefault\u00bb][et_pb_column type=\u00bb1_3&#8243; _builder_version=\u00bb4.7.4&#8243; _module_preset=\u00bbdefault\u00bb][et_pb_image src=\u00bbhttp:\/\/genesinetworks.com\/co\/wp-content\/uploads\/2020\/07\/PCorona_Banner.png\u00bb title_text=\u00bbPCorona_Banner\u00bb align=\u00bbcenter\u00bb _builder_version=\u00bb4.7.7&#8243; _module_preset=\u00bbdefault\u00bb hover_enabled=\u00bb0&#8243; sticky_enabled=\u00bb0&#8243;][\/et_pb_image][et_pb_toggle title=\u00bbCV\u00bb _builder_version=\u00bb4.7.4&#8243; _module_preset=\u00bbdefault\u00bb title_font=\u00bbFutura-Medium|500|||||||\u00bb title_font_size=\u00bb20px\u00bb closed_title_font=\u00bbFiraSan-Medium||||||||\u00bb body_font=\u00bbFiraSan-Regular||||||||\u00bb body_text_color=\u00bb#000000&#8243; body_font_size=\u00bb18px\u00bb custom_padding=\u00bb|20px||20px|false|true\u00bb][\/et_pb_toggle][et_pb_image src=\u00bbhttp:\/\/genesinetworks.com\/co\/wp-content\/uploads\/2020\/07\/CGarcia_Banner.png\u00bb title_text=\u00bbCGarcia_Banner\u00bb align=\u00bbcenter\u00bb _builder_version=\u00bb4.7.7&#8243; _module_preset=\u00bbdefault\u00bb hover_enabled=\u00bb0&#8243; sticky_enabled=\u00bb0&#8243;][\/et_pb_image][et_pb_toggle title=\u00bbCV\u00bb _builder_version=\u00bb4.7.4&#8243; _module_preset=\u00bbdefault\u00bb title_font=\u00bbFutura-Medium|500|||||||\u00bb title_font_size=\u00bb20px\u00bb closed_title_font=\u00bbFiraSan-Medium||||||||\u00bb body_font=\u00bbFiraSan-Regular||||||||\u00bb body_text_color=\u00bb#000000&#8243; body_font_size=\u00bb18px\u00bb custom_padding=\u00bb|20px||20px|false|true\u00bb]<\/p>\n<p>Ingeniero y Consultor en Tecnolog\u00edas de Informaci\u00f3n y Comunicaciones, con m\u00e1s de 20 a\u00f1os de experiencia.<\/p>\n<p>\u201cMe apasiona ayudar a personas que necesiten adoptar nuevas tecnolog\u00edas con el fin de incrementar la productividad de sus empresas y organizaciones. Esto lo hemos logrado generando estrategias de Transformaci\u00f3n Digital orientadas a mejorar la colaboraci\u00f3n de las personas, la comunicaci\u00f3n de los sistemas y la seguridad de los datos. Hemos ayudado a cientos de personas a implementar estas estrategias en sus empresas.\u201d<\/p>\n<p>Mi misi\u00f3n es ayudarte y acompa\u00f1arte en el camino hacia una transformaci\u00f3n digital exitosa, compartiendo mis conocimientos y experiencia que te permitan tomar las mejores decisiones.<\/p>\n<p>[\/et_pb_toggle][\/et_pb_column][et_pb_column type=\u00bb1_3&#8243; _builder_version=\u00bb4.7.4&#8243; _module_preset=\u00bbdefault\u00bb][et_pb_image src=\u00bbhttp:\/\/genesinetworks.com\/co\/wp-content\/uploads\/2020\/07\/EPerez_Banner.png\u00bb title_text=\u00bbEPerez_Banner\u00bb align=\u00bbcenter\u00bb _builder_version=\u00bb4.7.7&#8243; _module_preset=\u00bbdefault\u00bb hover_enabled=\u00bb0&#8243; sticky_enabled=\u00bb0&#8243;][\/et_pb_image][et_pb_toggle title=\u00bbCV\u00bb _builder_version=\u00bb4.7.4&#8243; _module_preset=\u00bbdefault\u00bb title_font=\u00bbFutura-Medium|500|||||||\u00bb title_font_size=\u00bb20px\u00bb closed_title_font=\u00bbFiraSan-Medium||||||||\u00bb body_font=\u00bbFiraSan-Regular||||||||\u00bb body_text_color=\u00bb#000000&#8243; body_font_size=\u00bb18px\u00bb custom_padding=\u00bb|20px||20px|false|true\u00bb]<\/p>\n<p>Ingeniero Industrial en Sistemas, con mas de 30 a\u00f1os de experiencia en tecnolog\u00edas de informaci\u00f3n como responsable de \u00e1rea en m\u00faltiples empresas nacionales y extranjeras.<\/p>\n<p>Fan\u00e1tico del f\u00fatbol y lector asiduo.<\/p>\n<p>[\/et_pb_toggle][et_pb_image src=\u00bbhttp:\/\/genesinetworks.com\/co\/wp-content\/uploads\/2020\/07\/JCorona_Banner.png\u00bb title_text=\u00bbJCorona_Banner\u00bb align=\u00bbcenter\u00bb _builder_version=\u00bb4.7.7&#8243; _module_preset=\u00bbdefault\u00bb hover_enabled=\u00bb0&#8243; sticky_enabled=\u00bb0&#8243;][\/et_pb_image][et_pb_toggle title=\u00bbCV\u00bb _builder_version=\u00bb4.7.4&#8243; _module_preset=\u00bbdefault\u00bb title_font=\u00bbFutura-Medium|500|||||||\u00bb title_font_size=\u00bb20px\u00bb closed_title_font=\u00bbFiraSan-Medium||||||||\u00bb body_font=\u00bbFiraSan-Regular||||||||\u00bb body_text_color=\u00bb#000000&#8243; body_font_size=\u00bb18px\u00bb custom_padding=\u00bb|20px||20px|false|true\u00bb]<\/p>\n<p>Ex-miembro de las Fuerzas Especiales del Ej\u00e9rcito Mexicano (Sargento Segundo)<\/p>\n<p>Diplomado en Desarrollo de Habilidades Gerenciales (EBC)<\/p>\n<p>Certificado en SCE y Dise\u00f1o<\/p>\n<p>Data Center Technical Certification<br \/> 13 a\u00f1os laborando en Genesi Networks, iniciando como t\u00e9cnico en el \u00e1rea de infra estructura, actualmente como Director de Infraestructura para Centros de Datos, Centros de Monitoreo, Automatizaci\u00f3n de Salas de juntas, Automatizaci\u00f3n en salas de juicios orales, Inhibidores de Se\u00f1al (en centros de reinserci\u00f3n), Videovigilancia Urbana.<\/p>\n<p>Comprometido con los cambios y retos tecnol\u00f3gicos para bienestar de nuestros clientes, empresa y personal.<\/p>\n<p> Pasatiempos: Atletismo, Tiro T\u00e1ctico, Rapel, Senderismo<\/p>\n<p>[\/et_pb_toggle][\/et_pb_column][et_pb_column type=\u00bb1_3&#8243; _builder_version=\u00bb4.7.4&#8243; _module_preset=\u00bbdefault\u00bb][et_pb_image src=\u00bbhttp:\/\/genesinetworks.com\/co\/wp-content\/uploads\/2020\/07\/GElias_Banner.png\u00bb title_text=\u00bbGElias_Banner\u00bb align=\u00bbcenter\u00bb _builder_version=\u00bb4.7.7&#8243; _module_preset=\u00bbdefault\u00bb hover_enabled=\u00bb0&#8243; sticky_enabled=\u00bb0&#8243;][\/et_pb_image][et_pb_toggle title=\u00bbCV\u00bb _builder_version=\u00bb4.7.7&#8243; _module_preset=\u00bbdefault\u00bb title_font=\u00bbFutura-Medium|500|||||||\u00bb title_font_size=\u00bb20px\u00bb closed_title_font=\u00bbFiraSan-Medium||||||||\u00bb body_font=\u00bbFiraSan-Regular||||||||\u00bb body_text_color=\u00bb#000000&#8243; body_font_size=\u00bb18px\u00bb custom_padding=\u00bb|20px||20px|false|true\u00bb hover_enabled=\u00bb0&#8243; sticky_enabled=\u00bb0&#8243;]<\/p>\n<p>Ingeniero en Sistemas Computacionales con m\u00e1s de 25 a\u00f1os de experiencia en empresas integradoras de TI, Centro de Datos, Carriers y Mayoristas.<\/p>\n<p>Cuenta con una amplia experiencia en direcci\u00f3n, administraci\u00f3n y ventas y conocimiento en diversos sectores de TI en M\u00e9xico, es capaz de desarrollar estrategia y alinear objetivos.<\/p>\n<p>[\/et_pb_toggle][et_pb_image src=\u00bbhttp:\/\/genesinetworks.com\/co\/wp-content\/uploads\/2020\/07\/XGonzalez_Banner.png\u00bb title_text=\u00bbXGonzalez_Banner\u00bb align=\u00bbcenter\u00bb _builder_version=\u00bb4.7.7&#8243; _module_preset=\u00bbdefault\u00bb hover_enabled=\u00bb0&#8243; sticky_enabled=\u00bb0&#8243;][\/et_pb_image][et_pb_toggle title=\u00bbCV\u00bb _builder_version=\u00bb4.7.4&#8243; _module_preset=\u00bbdefault\u00bb title_font=\u00bbFutura-Medium|500|||||||\u00bb title_font_size=\u00bb20px\u00bb closed_title_font=\u00bbFiraSan-Medium||||||||\u00bb body_font=\u00bbFiraSan-Regular||||||||\u00bb body_text_color=\u00bb#000000&#8243; body_font_size=\u00bb18px\u00bb custom_padding=\u00bb|20px||20px|false|true\u00bb]<\/p>\n<p>Licenciada en direcci\u00f3n y administraci\u00f3n de empresas, actualmente estudia la maestr\u00eda en finanzas.<\/p>\n<p>13 a\u00f1os de experiencia en direcci\u00f3n y administraci\u00f3n de empresas a nivel nacional e internacional. Actualmente tiene a cargo la direcci\u00f3n de finanzas de las oficinas de M\u00e9xico y Colombia de Genesi Networks.<\/p>\n<p>Sus principales hobbies son la lectura, escritura y conocer diferentes lugares.<\/p>\n<p>[\/et_pb_toggle][\/et_pb_column][\/et_pb_row][\/et_pb_section][et_pb_section fb_built=\u00bb1&#8243; _builder_version=\u00bb4.7.7&#8243; background_color=\u00bb#000000&#8243; max_width=\u00bb1080px\u00bb module_alignment=\u00bbcenter\u00bb custom_padding=\u00bb0px||0px||true|false\u00bb global_module=\u00bb1838&#8243; saved_tabs=\u00bball\u00bb locked=\u00bboff\u00bb][et_pb_row column_structure=\u00bb1_3,1_3,1_3&#8243; _builder_version=\u00bb4.7.7&#8243;][et_pb_column type=\u00bb1_3&#8243; _builder_version=\u00bb4.4.8&#8243;][et_pb_image src=\u00bbhttp:\/\/genesinetworks.com\/co\/wp-content\/uploads\/2020\/06\/Genesi_business-02.png\u00bb title_text=\u00bbGenesi_business-02&#8243; _builder_version=\u00bb4.4.8&#8243; width=\u00bb50%\u00bb][\/et_pb_image][et_pb_button button_url=\u00bbhttp:\/\/genesinetworks.com\/co\/aviso-de-privacidad\/\u00bb button_text=\u00bbAviso de privacidad\u00bb _builder_version=\u00bb4.7.7&#8243; _module_preset=\u00bbdefault\u00bb custom_button=\u00bbon\u00bb button_text_size=\u00bb18px\u00bb button_text_color=\u00bb#ffffff\u00bb button_border_width=\u00bb0px\u00bb button_icon=\u00bb%%3%%\u00bb][\/et_pb_button][\/et_pb_column][et_pb_column type=\u00bb1_3&#8243; _builder_version=\u00bb4.4.8&#8243;][\/et_pb_column][et_pb_column type=\u00bb1_3&#8243; _builder_version=\u00bb4.4.8&#8243;][et_pb_social_media_follow _builder_version=\u00bb4.4.8&#8243;][et_pb_social_media_follow_network social_network=\u00bbfacebook\u00bb url=\u00bbhttps:\/\/www.facebook.com\/GenesiNetworksMx\/\u00bb _builder_version=\u00bb4.4.8&#8243; background_color=\u00bb#3b5998&#8243; follow_button=\u00bboff\u00bb url_new_window=\u00bbon\u00bb]facebook[\/et_pb_social_media_follow_network][et_pb_social_media_follow_network social_network=\u00bblinkedin\u00bb url=\u00bbhttps:\/\/www.linkedin.com\/company\/65387244\/admin\/\u00bb _builder_version=\u00bb4.4.8&#8243; background_color=\u00bb#007bb6&#8243; follow_button=\u00bboff\u00bb url_new_window=\u00bbon\u00bb]linkedin[\/et_pb_social_media_follow_network][\/et_pb_social_media_follow][et_pb_blurb image=\u00bbhttp:\/\/genesinetworks.com\/co\/wp-content\/uploads\/2020\/06\/genesi_img-29.png\u00bb icon_placement=\u00bbleft\u00bb _builder_version=\u00bb4.7.7&#8243; body_font=\u00bbFiraSan-Regular||||||||\u00bb body_text_color=\u00bb#ffffff\u00bb body_font_size=\u00bb16px\u00bb]<\/p>\n<p> +57 (1) 6594532 <\/p>\n<p>[\/et_pb_blurb][et_pb_blurb image=\u00bbhttp:\/\/genesinetworks.com\/co\/wp-content\/uploads\/2020\/06\/genesi_img-30.png\u00bb icon_placement=\u00bbleft\u00bb _builder_version=\u00bb4.6.1&#8243; body_font=\u00bbFiraSan-Regular||||||||\u00bb body_text_color=\u00bb#ffffff\u00bb body_font_size=\u00bb16px\u00bb]<span style=\"color: #ffffff;\"><a href=\"mailto:ventas@genesi.com.co\" style=\"color: #ffffff;\">ventas@genesi.com.co<\/a><\/span>[\/et_pb_blurb][\/et_pb_column][\/et_pb_row][\/et_pb_section]<\/p>\n","protected":false},"excerpt":{"rendered":"<p>Equipo de Trabajo_Conoce m\u00e1s de nosotros, estamos para servirte.Ingeniero y Consultor en Tecnolog\u00edas de Informaci\u00f3n y Comunicaciones, con m\u00e1s de 20 a\u00f1os de experiencia. \u201cMe apasiona ayudar a personas que necesiten adoptar nuevas tecnolog\u00edas con el fin de incrementar la productividad de sus empresas y organizaciones. Esto lo hemos logrado generando estrategias de Transformaci\u00f3n Digital [&hellip;]<\/p>\n","protected":false},"author":1,"featured_media":0,"parent":0,"menu_order":0,"comment_status":"closed","ping_status":"closed","template":"","meta":{"_et_pb_use_builder":"on","_et_pb_old_content":"","_et_gb_content_width":"","footnotes":""},"class_list":["post-1319","page","type-page","status-publish","hentry"],"_links":{"self":[{"href":"https:\/\/genesinetworks.com\/co\/wp-json\/wp\/v2\/pages\/1319","targetHints":{"allow":["GET"]}}],"collection":[{"href":"https:\/\/genesinetworks.com\/co\/wp-json\/wp\/v2\/pages"}],"about":[{"href":"https:\/\/genesinetworks.com\/co\/wp-json\/wp\/v2\/types\/page"}],"author":[{"embeddable":true,"href":"https:\/\/genesinetworks.com\/co\/wp-json\/wp\/v2\/users\/1"}],"replies":[{"embeddable":true,"href":"https:\/\/genesinetworks.com\/co\/wp-json\/wp\/v2\/comments?post=1319"}],"version-history":[{"count":9,"href":"https:\/\/genesinetworks.com\/co\/wp-json\/wp\/v2\/pages\/1319\/revisions"}],"predecessor-version":[{"id":1993,"href":"https:\/\/genesinetworks.com\/co\/wp-json\/wp\/v2\/pages\/1319\/revisions\/1993"}],"wp:attachment":[{"href":"https:\/\/genesinetworks.com\/co\/wp-json\/wp\/v2\/media?parent=1319"}],"curies":[{"name":"wp","href":"https:\/\/api.w.org\/{rel}","templated":true}]}}